{"id":853,"date":"2023-02-21T12:18:23","date_gmt":"2023-02-21T11:18:23","guid":{"rendered":"https:\/\/smarteritaly.agid.gov.it\/?page_id=853"},"modified":"2025-09-30T14:58:02","modified_gmt":"2025-09-30T12:58:02","slug":"wellbeing","status":"publish","type":"page","link":"https:\/\/smarteritaly.agid.gov.it\/index.php\/sfide\/wellbeing\/","title":{"rendered":"Benessere sociale e delle persone"},"content":{"rendered":"<p>I cambiamenti demografici, l\u2019invecchiamento della popolazione, l\u2019aumentata incidenza di patologie croniche degenerative, la crescita della spesa sanitaria, la contrazione dei consumi alimentari delle famiglie per effetto della crisi economica e la crescente attenzione alla qualit\u00e0 della vita costituiscono sfide rilevanti e prospettive di sviluppo per la nostra economia.<\/p>\n<p>&nbsp;<\/p>\n<p>Grazie allo sviluppo tecnologico e alla ricerca d&#8217;innovazione \u00e8 possibile migliorare i servizi rivolti al benessere sociale e alla salute.<\/p>\n<p>&nbsp;<\/p>\n<p>I dati testimoniano la capacit\u00e0 delle imprese di tradurre l\u2019innovazione in tecnologie e prodotti capaci di rispondere in modo efficace alla crescente domanda di salute della popolazione, garantendo l\u2019adozione di processi produttivi ecosostenibili e allo stesso tempo la riduzione dei costi.<\/p>\n<p>&nbsp;<\/p>\n<p>In questo ambito sono stati individuati fabbisogni molto concreti che potrebbero diventare oggetto di &#8220;sfida&#8221; e quindi bandi di appalto innovativo vero e proprio: si va dallo sviluppo di una piattaforma per la gestione delle cure domiciliari, fino a un sistema informativo per mappare le malattie oncologiche e determinare le cause ambientali, o ancora a migliorare il supporto all&#8217;assistenza sanitaria pirmaria con l&#8217;utilizzo dell&#8217;intelligenza artificiale.<\/p>\n<p>&nbsp;<\/p>\n<p>Su questa area d&#8217;intervento \u00e8 gi\u00e0 stato pubblicato un primo bando (sfida):<\/p>\n<p>&nbsp;<\/p>\n<p><strong>1) Applicazioni innovative di Realt\u00e0 Virtuale e Aumentata per persone con una condizione dello spettro autistico (ASC)<\/strong><\/p>\n<p>La condizione dello spettro autistico (ASC) \u00e8 una delle disabilit\u00e0 pi\u00f9 gravi che si manifestano in tenerissima et\u00e0 e da cui non si guarisce per il resto della vita.<\/p>\n<p>&nbsp;<\/p>\n<p><img loading=\"lazy\" decoding=\"async\" class=\"size-medium wp-image-1586 alignright\" src=\"https:\/\/smarteritaly.agid.gov.it\/wp-content\/uploads\/2023\/05\/realta-aumentata-300x200.jpg\" alt=\"\" width=\"300\" height=\"200\" srcset=\"https:\/\/smarteritaly.agid.gov.it\/wp-content\/uploads\/2023\/05\/realta-aumentata-300x200.jpg 300w, https:\/\/smarteritaly.agid.gov.it\/wp-content\/uploads\/2023\/05\/realta-aumentata-1024x683.jpg 1024w, https:\/\/smarteritaly.agid.gov.it\/wp-content\/uploads\/2023\/05\/realta-aumentata-768x512.jpg 768w, https:\/\/smarteritaly.agid.gov.it\/wp-content\/uploads\/2023\/05\/realta-aumentata-1536x1024.jpg 1536w, https:\/\/smarteritaly.agid.gov.it\/wp-content\/uploads\/2023\/05\/realta-aumentata-2048x1365.jpg 2048w, https:\/\/smarteritaly.agid.gov.it\/wp-content\/uploads\/2023\/05\/realta-aumentata-272x182.jpg 272w, https:\/\/smarteritaly.agid.gov.it\/wp-content\/uploads\/2023\/05\/realta-aumentata-720x480.jpg 720w, https:\/\/smarteritaly.agid.gov.it\/wp-content\/uploads\/2023\/05\/realta-aumentata-950x630.jpg 950w\" sizes=\"auto, (max-width: 300px) 100vw, 300px\" \/><\/p>\n<p>\u00c8 caratterizzato da difficolt\u00e0 nella comunicazione e nell\u2019interazione sociale e dalla presenza di comportamenti e interessi ristretti e stereotipati. Tutti questi aspetti possono accompagnarsi anche a disabilit\u00e0 intellettiva che si pu\u00f2 presentare in forma lieve, moderata o grave.<\/p>\n<p>&nbsp;<\/p>\n<p>&nbsp;<\/p>\n<p>Le tecnologie per l\u2019interazione uomo-macchina, come la realt\u00e0 virtuale, la realt\u00e0 aumentata e similari, si sono dimostrate efficaci negli interventi terapeutici in alcune persone nello spettro autistico, in quanto la simulazione di situazioni quotidiane \u00e8 risultata, in genere, un modo efficace per promuovere e migliorare l\u2019inserimento sociale.<\/p>\n<p>&nbsp;<\/p>\n<p><a href=\"https:\/\/appaltinnovativi.gov.it\/appalti\/realta-virtuale-e-aumentata-per-il-trattamento-dellautismo\" target=\"_blank\" rel=\"noopener\">Vai alla sfida in dettaglio<\/a><\/p>\n","protected":false},"excerpt":{"rendered":"<p>I cambiamenti demografici, l\u2019invecchiamento della popolazione, l\u2019aumentata incidenza di patologie croniche degenerative, la crescita della spesa sanitaria, la contrazione dei consumi alimentari delle famiglie per effetto della crisi economica e la crescente attenzione alla qualit\u00e0 della vita costituiscono sfide rilevanti e prospettive di sviluppo per la nostra economia.<\/p>\n","protected":false},"author":1,"featured_media":0,"parent":571,"menu_order":0,"comment_status":"closed","ping_status":"closed","template":"","meta":{"_uag_custom_page_level_css":"","advgb_blocks_editor_width":"","advgb_blocks_columns_visual_guide":"","footnotes":""},"tags":[],"class_list":["post-853","page","type-page","status-publish","hentry"],"uagb_featured_image_src":{"full":false,"thumbnail":false,"medium":false,"medium_large":false,"large":false,"1536x1536":false,"2048x2048":false,"gallery-preview":false,"post-thumbnails":false,"news-image":false,"sow-carousel-default":false,"sow-blog-portfolio":false,"sow-blog-grid":false,"sow-blog-alternate":false},"uagb_author_info":{"display_name":"smarter.italy_admin","author_link":"https:\/\/smarteritaly.agid.gov.it\/index.php\/author\/smarter-italy_admin\/"},"uagb_comment_info":0,"uagb_excerpt":"I cambiamenti demografici, l\u2019invecchiamento della popolazione, l\u2019aumentata incidenza di patologie croniche degenerative, la crescita della spesa sanitaria, la contrazione dei consumi alimentari delle famiglie per effetto della crisi economica e la crescente attenzione alla qualit\u00e0 della vita costituiscono sfide rilevanti e prospettive di sviluppo per la nostra economia.","coauthors":[],"author_meta":{"author_link":"https:\/\/smarteritaly.agid.gov.it\/index.php\/author\/smarter-italy_admin\/","display_name":"smarter.italy_admin"},"relative_dates":{"created":"Pubblicato 3 anni fa","modified":"Aggiornato 8 mesi fa"},"absolute_dates":{"created":"Pubblicato il 21 Febbraio 2023","modified":"Aggiornato il 30 Settembre 2025"},"absolute_dates_time":{"created":"Pubblicato il 21 Febbraio 2023 12:18","modified":"Aggiornato il 30 Settembre 2025 14:58"},"featured_img_caption":"","featured_img":false,"series_order":"","rttpg_featured_image_url":null,"rttpg_author":{"display_name":"smarter.italy_admin","author_link":"https:\/\/smarteritaly.agid.gov.it\/index.php\/author\/smarter-italy_admin\/"},"rttpg_comment":0,"rttpg_category":false,"rttpg_excerpt":"I cambiamenti demografici, l\u2019invecchiamento della popolazione, l\u2019aumentata incidenza di patologie croniche degenerative, la crescita della spesa sanitaria, la contrazione dei consumi alimentari delle famiglie per effetto della crisi economica e la crescente attenzione alla qualit\u00e0 della vita costituiscono sfide rilevanti e prospettive di sviluppo per la nostra economia.","_links":{"self":[{"href":"https:\/\/smarteritaly.agid.gov.it\/index.php\/wp-json\/wp\/v2\/pages\/853","targetHints":{"allow":["GET"]}}],"collection":[{"href":"https:\/\/smarteritaly.agid.gov.it\/index.php\/wp-json\/wp\/v2\/pages"}],"about":[{"href":"https:\/\/smarteritaly.agid.gov.it\/index.php\/wp-json\/wp\/v2\/types\/page"}],"author":[{"embeddable":true,"href":"https:\/\/smarteritaly.agid.gov.it\/index.php\/wp-json\/wp\/v2\/users\/1"}],"replies":[{"embeddable":true,"href":"https:\/\/smarteritaly.agid.gov.it\/index.php\/wp-json\/wp\/v2\/comments?post=853"}],"version-history":[{"count":8,"href":"https:\/\/smarteritaly.agid.gov.it\/index.php\/wp-json\/wp\/v2\/pages\/853\/revisions"}],"predecessor-version":[{"id":1588,"href":"https:\/\/smarteritaly.agid.gov.it\/index.php\/wp-json\/wp\/v2\/pages\/853\/revisions\/1588"}],"up":[{"embeddable":true,"href":"https:\/\/smarteritaly.agid.gov.it\/index.php\/wp-json\/wp\/v2\/pages\/571"}],"wp:attachment":[{"href":"https:\/\/smarteritaly.agid.gov.it\/index.php\/wp-json\/wp\/v2\/media?parent=853"}],"wp:term":[{"taxonomy":"post_tag","embeddable":true,"href":"https:\/\/smarteritaly.agid.gov.it\/index.php\/wp-json\/wp\/v2\/tags?post=853"}],"curies":[{"name":"wp","href":"https:\/\/api.w.org\/{rel}","templated":true}]}}