{"id":2568,"date":"2026-04-24T09:13:05","date_gmt":"2026-04-24T07:13:05","guid":{"rendered":"https:\/\/smarteritaly.agid.gov.it\/?page_id=2568"},"modified":"2026-05-04T10:51:02","modified_gmt":"2026-05-04T08:51:02","slug":"relazione-2024","status":"publish","type":"page","link":"https:\/\/smarteritaly.agid.gov.it\/index.php\/piano-esecutivo\/relazione-2024\/","title":{"rendered":"Relazione 2024"},"content":{"rendered":"<h4>Relazione attivit\u00e0 2020-2024<\/h4>\n<p>&nbsp;<\/p>\n<h4>Monitoraggio e impatto<\/h4>\n<p>Il Piano Triennale 2022-24 ha individuato, per la valutazione dell&#8217;impatto, l&#8217;indicatore della percentuale di PMI e startup che partecipano agli appalti di innovazione<strong>, <\/strong>fissando un obiettivo pari al 44% per l\u2019anno 2021 e del 50% per ciascuno degli anni 2022 e 2023.<\/p>\n<p>Il risultato raggiunto, in termini di partecipazione di PMI e startup, \u00e8 superiore al target individuato nel Piano Triennale per l&#8217;Informatica ed \u00e8 in linea con il target Smarter Italy. Il risultato di partecipazione degli operatori del settore ricerca, 16% \u00e8 superiore alla partecipazione registrata mediamente nel perimetro dell\u2019Unione Europea.<\/p>\n<table>\n<tbody>\n<tr>\n<td width=\"444\"><strong>Partecipazione PMI e startup: <\/strong><strong>52%<\/strong><\/p>\n<p><strong>Partecipazione EPR e Universit\u00e0: <\/strong><strong>16%<\/strong><\/td>\n<\/tr>\n<\/tbody>\n<\/table>\n<p>Il campione di misura degli indicatori di partecipazione in fase di offerta \u00e8 costituto dalle procedure di appalto che hanno raggiunto la fase di offerta nel periodo 2020-2024: \u201cEarly Warning e organizzazione del soccorso\u201d, \u201cSupporto ai giovani con disturbo dello spettro autistico\u201d, \u201cMade in Italy (ICE), \u201cPiattaforme e servizi per la pianificazione della smart mobility\u201d, \u201cServizi per la programmazione del trasporto merci di ultimo miglio\u201d, \u201cIntelligenza artificiale per i medici di base (Agenas)\u201d e \u201cSoluzioni per concorsi digitali (Min. Giustizia)\u201d.\u00a0 Il campione di misura \u00e8 costituto da 120 offerte valide, sottoposte da altrettanti raggruppamenti di cui fanno parte complessivamente da 447 operatori economici.<\/p>\n<table>\n<tbody>\n<tr>\n<td width=\"444\"><strong>Numero medio di offerte per appalto: <\/strong><strong>15<\/strong><\/p>\n<p><strong>Offerte con almeno una PMI\/startup: <\/strong><strong>73%<\/strong><\/p>\n<p><strong>Offerte con almeno un Ente di ricerca \/ Universit\u00e0: <\/strong><strong>45%<\/strong><\/td>\n<\/tr>\n<\/tbody>\n<\/table>\n<h4><\/h4>\n","protected":false},"excerpt":{"rendered":"<p>Relazione attivit\u00e0 2020-2024 &nbsp; Monitoraggio e impatto Il Piano Triennale 2022-24 ha individuato, per la valutazione dell&#8217;impatto, l&#8217;indicatore della percentuale di PMI e startup che partecipano agli appalti di innovazione, fissando un obiettivo pari al 44% per l\u2019anno 2021 e del 50% per ciascuno degli anni 2022 e 2023.<\/p>\n","protected":false},"author":4,"featured_media":0,"parent":1328,"menu_order":0,"comment_status":"closed","ping_status":"closed","template":"","meta":{"_uag_custom_page_level_css":"","advgb_blocks_editor_width":"","advgb_blocks_columns_visual_guide":"","footnotes":""},"tags":[],"class_list":["post-2568","page","type-page","status-publish","hentry"],"uagb_featured_image_src":{"full":false,"thumbnail":false,"medium":false,"medium_large":false,"large":false,"1536x1536":false,"2048x2048":false,"gallery-preview":false,"post-thumbnails":false,"news-image":false,"sow-carousel-default":false,"sow-blog-portfolio":false,"sow-blog-grid":false,"sow-blog-alternate":false},"uagb_author_info":{"display_name":"Mauro Draoli","author_link":"https:\/\/smarteritaly.agid.gov.it\/index.php\/author\/maurodraoli\/"},"uagb_comment_info":0,"uagb_excerpt":"Relazione attivit\u00e0 2020-2024 &nbsp; Monitoraggio e impatto Il Piano Triennale 2022-24 ha individuato, per la valutazione dell&#8217;impatto, l&#8217;indicatore della percentuale di PMI e startup che partecipano agli appalti di innovazione, fissando un obiettivo pari al 44% per l\u2019anno 2021 e del 50% per ciascuno degli anni 2022 e 2023.","coauthors":[],"author_meta":{"author_link":"https:\/\/smarteritaly.agid.gov.it\/index.php\/author\/maurodraoli\/","display_name":"Mauro Draoli"},"relative_dates":{"created":"Pubblicato 2 settimane fa","modified":"Aggiornato 3 giorni fa"},"absolute_dates":{"created":"Pubblicato il 24 Aprile 2026","modified":"Aggiornato il 4 Maggio 2026"},"absolute_dates_time":{"created":"Pubblicato il 24 Aprile 2026 9:13","modified":"Aggiornato il 4 Maggio 2026 10:51"},"featured_img_caption":"","featured_img":false,"series_order":"","rttpg_featured_image_url":null,"rttpg_author":{"display_name":"Mauro Draoli","author_link":"https:\/\/smarteritaly.agid.gov.it\/index.php\/author\/maurodraoli\/"},"rttpg_comment":0,"rttpg_category":false,"rttpg_excerpt":"Relazione attivit\u00e0 2020-2024 &nbsp; Monitoraggio e impatto Il Piano Triennale 2022-24 ha individuato, per la valutazione dell&#8217;impatto, l&#8217;indicatore della percentuale di PMI e startup che partecipano agli appalti di innovazione, fissando un obiettivo pari al 44% per l\u2019anno 2021 e del 50% per ciascuno degli anni 2022 e 2023.","_links":{"self":[{"href":"https:\/\/smarteritaly.agid.gov.it\/index.php\/wp-json\/wp\/v2\/pages\/2568","targetHints":{"allow":["GET"]}}],"collection":[{"href":"https:\/\/smarteritaly.agid.gov.it\/index.php\/wp-json\/wp\/v2\/pages"}],"about":[{"href":"https:\/\/smarteritaly.agid.gov.it\/index.php\/wp-json\/wp\/v2\/types\/page"}],"author":[{"embeddable":true,"href":"https:\/\/smarteritaly.agid.gov.it\/index.php\/wp-json\/wp\/v2\/users\/4"}],"replies":[{"embeddable":true,"href":"https:\/\/smarteritaly.agid.gov.it\/index.php\/wp-json\/wp\/v2\/comments?post=2568"}],"version-history":[{"count":3,"href":"https:\/\/smarteritaly.agid.gov.it\/index.php\/wp-json\/wp\/v2\/pages\/2568\/revisions"}],"predecessor-version":[{"id":2573,"href":"https:\/\/smarteritaly.agid.gov.it\/index.php\/wp-json\/wp\/v2\/pages\/2568\/revisions\/2573"}],"up":[{"embeddable":true,"href":"https:\/\/smarteritaly.agid.gov.it\/index.php\/wp-json\/wp\/v2\/pages\/1328"}],"wp:attachment":[{"href":"https:\/\/smarteritaly.agid.gov.it\/index.php\/wp-json\/wp\/v2\/media?parent=2568"}],"wp:term":[{"taxonomy":"post_tag","embeddable":true,"href":"https:\/\/smarteritaly.agid.gov.it\/index.php\/wp-json\/wp\/v2\/tags?post=2568"}],"curies":[{"name":"wp","href":"https:\/\/api.w.org\/{rel}","templated":true}]}}